{"id":2872,"date":"2026-01-16T16:50:32","date_gmt":"2026-01-16T15:50:32","guid":{"rendered":"https:\/\/etangdumerle.geek-tonic.dev\/activites-sportives-crux-la-ville\/"},"modified":"2026-03-25T09:51:37","modified_gmt":"2026-03-25T08:51:37","slug":"sports-activities-crux-la-ville","status":"publish","type":"page","link":"https:\/\/etangdumerle.geek-tonic.dev\/en\/sports-activities-crux-la-ville\/","title":{"rendered":"Sports activities"},"content":{"rendered":"\n<div class=\"wp-block-group section-1 has-global-padding is-layout-constrained wp-container-core-group-is-layout-388eb9bb wp-block-group-is-layout-constrained\" style=\"padding-top:var(--wp--preset--spacing--40);padding-right:0px;padding-bottom:var(--wp--preset--spacing--20);padding-left:0px\">\n<div class=\"wp-block-columns content is-layout-flex wp-container-core-columns-is-layout-28f84493 wp-block-columns-is-layout-flex\">\n<div class=\"wp-block-column left is-layout-flow wp-block-column-is-layout-flow\" style=\"padding-top:6rem;padding-left:10rem\">\n<h1 class=\"wp-block-heading has-custom-color-1-color has-text-color has-link-color has-melbourne-thin-font-family wp-elements-3590dee74c7d4eb339b8bd1d85e10382\" style=\"margin-bottom:3rem\"><strong>Top sports activities <\/strong><br\/>in Burgundy<\/h1>\n\n\n\n<p>For a <strong>nature vacation<\/strong> in Burgundy-Franche-Comt\u00e9, the Ni\u00e8vre region is a great place to discover or rediscover a sporting activity. A <strong>multitude of activities<\/strong> are available for your <a href=\"https:\/\/etangdumerle.geek-tonic.dev\/en\/\" data-type=\"page\" data-id=\"9\">camping vacations in Burgundy<\/a>. <\/p>\n\n\n    <div id=\"gt-fse-lire-plus-69fe30f27ff8a\" class=\"gt-fse-lire-plus\" style=\"--min-height: 130px; background-color: #fff;\">\n        <input id=\"gt-fse-lire-plus-69fe30f27ff8a-toggle\" type=\"checkbox\" class=\"gt-fse-lire-plus__toggle\" \/>\n        <label for=\"gt-fse-lire-plus-69fe30f27ff8a-toggle\" class=\"gt-fse-lire-plus__toggle-label\">\n            <span>Read more<\/span>\n            <span>Read less<\/span>\n        <\/label>\n        <div class=\"gt-fse-lire-plus__content\">\n            \n\n<p>Discover<strong> water sports<\/strong> on the Morvan&#8217;s large lakes, with numerous <strong>hiking<\/strong>,<strong> horse-riding <\/strong>and <strong>cycling<\/strong> trails in the heart of the Ni\u00e8vre region. If you&#8217;re more of a thrill-seeker, then <strong>climbing<\/strong> and many other sports are for you. The landscape of Burgundy and the surrounding countryside in the heart of the Ni\u00e8vre region is ideal for <strong>hikers<\/strong>. Numerous trails for long or short hikes will enable you to discover a <strong>natural setting<\/strong> combining streams, meadows, ponds and forests. You&#8217;ll be amazed by the <strong>diversity of flora and fauna<\/strong> in the Ni\u00e8vre.   <\/p>\n\n            <div class=\"gt-fse-lire-plus__gradient\" style=\"background: linear-gradient(to bottom,rgba(255,255,255,0) 0%,rgba(255,255,255,1) 100%);\"><\/div>\n        <\/div>\n    <\/div>\n    <\/div>\n\n\n\n<div class=\"wp-block-column right has-base-2-background-color has-background is-layout-flow wp-block-column-is-layout-flow\" style=\"border-top-left-radius:25px;border-top-right-radius:0px;border-bottom-left-radius:0px;border-bottom-right-radius:0px;padding-top:2rem;padding-right:2rem;padding-bottom:2rem;padding-left:2rem\">\n<figure class=\"wp-block-image size-full has-custom-border animated fadeIn slow\"><img loading=\"lazy\" decoding=\"async\" width=\"806\" height=\"806\" src=\"https:\/\/etangdumerle.geek-tonic.dev\/wp-content\/uploads\/2026\/02\/une-personne-sur-un-cheval-de-dos-qui-font-une-balade-pres-de-nevers.jpg\" alt=\"a person on a horse going for a ride near Nevers\" class=\"wp-image-2116\" style=\"border-top-left-radius:35px;border-top-right-radius:35px;border-bottom-left-radius:35px;border-bottom-right-radius:35px;box-shadow:var(--wp--preset--shadow--shadow-2);aspect-ratio:4\/3;object-fit:cover\"\/><\/figure>\n<\/div>\n<\/div>\n<\/div>\n\n<div class=\"wp-block-group section-3 etang-du-merle has-global-padding is-layout-constrained wp-container-core-group-is-layout-0bfa7395 wp-block-group-is-layout-constrained\" style=\"margin-top:0px;margin-bottom:0px;padding-top:0px;padding-right:0px;padding-bottom:var(--wp--preset--spacing--50);padding-left:0px\">\n<div class=\"wp-block-cover has-parallax gt-multiple-images-cover has-slider\" style=\"padding-top:0;padding-right:0rem;padding-bottom:0;padding-left:0rem;min-height:70vh;aspect-ratio:unset;\" data-image-ids=\"[311,314,317]\"><div class=\"gt-is-slider swiper-container\" data-swiper=\"{&quot;spaceBetween&quot;:0,&quot;slidesPerView&quot;:1,&quot;pagination&quot;:{&quot;el&quot;:&quot;.swiper-pagination&quot;,&quot;dynamicBullets&quot;:true,&quot;clickable&quot;:true,&quot;type&quot;:&quot;bullets&quot;},&quot;navigation&quot;:{&quot;nextEl&quot;:&quot;.swiper-button-next&quot;,&quot;prevEl&quot;:&quot;.swiper-button-prev&quot;},&quot;breakpoints&quot;:[{&quot;slidesPerView&quot;:1}],&quot;effect&quot;:&quot;fade&quot;}\"><div class=\"swiper-wrapper\"><\/div><\/div><div role=\"img\" aria-label=\"trois cyclistes qui font du VTT lors d'une journ\u00e9e d'\u00e9t\u00e9 en bourgogne\" class=\"wp-block-cover__image-background wp-image-2114 size-full has-parallax\" style=\"background-position:50% 50%;background-image:url(https:\/\/etangdumerle.geek-tonic.dev\/wp-content\/uploads\/2026\/02\/trois-cyclistes-qui-font-du-VTT-lors-dune-journee-dete-en-bourgogne.jpg)\"><\/div><span aria-hidden=\"true\" class=\"wp-block-cover__background has-background-dim-0 has-background-dim has-background-gradient\" style=\"background:linear-gradient(90deg,rgba(255,255,255,0) 0%,rgb(0,0,0) 100%)\"><\/span><div class=\"wp-block-cover__inner-container has-global-padding is-layout-constrained wp-container-core-cover-is-layout-332d036f wp-block-cover-is-layout-constrained\">\n<div class=\"wp-block-columns is-layout-flex wp-container-core-columns-is-layout-1c1b29f9 wp-block-columns-is-layout-flex\">\n<div class=\"wp-block-column left is-layout-flow wp-block-column-is-layout-flow\" style=\"padding-top:var(--wp--preset--spacing--20);flex-basis:40%\">\n<div class=\"wp-block-group group-bullets is-content-justification-center is-nowrap is-layout-flex wp-container-core-group-is-layout-b588b5d3 wp-block-group-is-layout-flex\">\n<div class=\"wp-block-group bullet active has-global-padding is-layout-constrained wp-container-core-group-is-layout-01c4c4d5 wp-block-group-is-layout-constrained\" style=\"border-top-left-radius:35px;border-top-right-radius:35px;border-bottom-left-radius:35px;border-bottom-right-radius:35px;padding-top:0;padding-right:var(--wp--preset--spacing--10);padding-bottom:0;padding-left:var(--wp--preset--spacing--10)\">\n<figure class=\"wp-block-image aligncenter size-full is-resized has-custom-border animated fadeInUp slow short-distance\" style=\"margin-bottom:0\"><img loading=\"lazy\" decoding=\"async\" width=\"430\" height=\"430\" src=\"https:\/\/etangdumerle.geek-tonic.dev\/wp-content\/uploads\/2026\/02\/des-cyclistes-qui-font-une-pause-et-qui-sont-assis-en-faisant-coucou-au-photographe-pres-de-nevers.jpg\" alt=\"cyclists taking a break, sitting and waving to the photographer near nevers\" class=\"wp-image-2111\" style=\"border-top-left-radius:35px;border-top-right-radius:35px;border-bottom-left-radius:35px;border-bottom-right-radius:35px;box-shadow:var(--wp--preset--shadow--shadow-2);width:430px\"\/><\/figure>\n<\/div>\n<\/div>\n<\/div>\n\n\n\n<div class=\"wp-block-column is-vertically-aligned-top right has-custom-color-1-color has-base-2-background-color has-text-color has-background has-link-color wp-elements-1a59906387de04dc8c5122b7365aa86c is-layout-flow wp-block-column-is-layout-flow\" style=\"border-top-left-radius:50px;padding-top:var(--wp--preset--spacing--30);padding-right:var(--wp--preset--spacing--60);padding-bottom:var(--wp--preset--spacing--30);padding-left:var(--wp--preset--spacing--50);flex-basis:60%\">\n<h2 class=\"wp-block-heading has-text-align-left has-melbourne-thin-font-family\" style=\"margin-top:3rem;margin-right:0;margin-bottom:3rem\">The best mountain bike trails: <br\/><strong>in the heart of nature<\/strong><\/h2>\n\n\n\n<p>In Burgundy-Franche-Comt\u00e9, in the Ni\u00e8vre region, whether you&#8217;re an occasional or experienced <strong>cyclist<\/strong>, <strong>mountain biker<\/strong> or <strong>mountain biker<\/strong>, there&#8217;s always a route to suit you. Courses are available at the \u00c9tang Du Merle campsite in Crux-la-Ville to help you discover<strong> unique<\/strong> and <strong>unforgettable<\/strong><strong> places<\/strong> with your family. <\/p>\n<\/div>\n<\/div>\n<\/div><\/div>\n<\/div>\n\n<div class=\"wp-block-group section-2 has-custom-color-1-color has-custom-color-6-background-color has-text-color has-background has-link-color wp-elements-341d61ec7a09d0e7da0e32fb7720956d has-global-padding is-layout-constrained wp-container-core-group-is-layout-889ef63e wp-block-group-is-layout-constrained\" style=\"margin-top:15rem;padding-top:0;padding-right:20rem;padding-bottom:8rem;padding-left:20rem\">\n<div class=\"wp-block-group content has-custom-color-1-color has-text-color has-link-color wp-elements-4ac877fe52e65361b13b211752c00651 has-global-padding is-layout-constrained wp-container-core-group-is-layout-a31aa551 wp-block-group-is-layout-constrained\">\n<div class=\"wp-block-group images has-global-padding is-layout-constrained wp-container-core-group-is-layout-12243e0f wp-block-group-is-layout-constrained\">\n<figure class=\"wp-block-image size-full is-resized has-custom-border image-1 animated fadeIn slow\"><img loading=\"lazy\" decoding=\"async\" width=\"950\" height=\"700\" src=\"https:\/\/etangdumerle.geek-tonic.dev\/wp-content\/uploads\/2026\/02\/vue-panoramique-de-nevers-depuis-un-point-de-vue.jpg\" alt=\"panoramic view of nevers from a vantage point\" class=\"wp-image-2117\" style=\"border-top-left-radius:35px;border-top-right-radius:35px;border-bottom-left-radius:35px;border-bottom-right-radius:35px;box-shadow:var(--wp--preset--shadow--shadow-2);object-fit:cover;width:950px;height:700px\"\/><\/figure>\n\n\n\n<div class=\"wp-block-group image-2 has-global-padding is-layout-constrained wp-container-core-group-is-layout-5695a588 wp-block-group-is-layout-constrained\" style=\"border-radius:25px;padding-top:0rem;padding-right:0rem;padding-bottom:0rem;padding-left:0rem\">\n<figure class=\"wp-block-image size-full is-resized has-custom-border animated fadeInRight slow short-distance\"><img loading=\"lazy\" decoding=\"async\" width=\"430\" height=\"430\" src=\"https:\/\/etangdumerle.geek-tonic.dev\/wp-content\/uploads\/2026\/02\/troi-smarcheurs-de-dos-qui-monte-une-cote-lors-dune-randonnee-en-bourgogne.jpg\" alt=\"three backpackers climbing a hill during a hike in burgundy\" class=\"wp-image-2113\" style=\"border-top-left-radius:35px;border-top-right-radius:35px;border-bottom-left-radius:35px;border-bottom-right-radius:35px;box-shadow:var(--wp--preset--shadow--shadow-2);width:510px\"\/><\/figure>\n<\/div>\n<\/div>\n\n\n\n<h2 class=\"wp-block-heading has-custom-color-1-color has-text-color has-link-color has-melbourne-thin-font-family wp-elements-322690e637b3cffd5d1389857c88096a\" style=\"margin-top:3rem;margin-right:0;margin-bottom:2.5rem\">Walks and <br\/><strong>hikes around Nevers<\/strong><\/h2>\n\n\n\n<p class=\"has-custom-color-1-color has-text-color has-link-color wp-elements-84d07a963f5c5797a44568be82ca6cba\">From the Etang du Merle campsite in the heart of the Ni\u00e8vre region, you can <strong>walk around the Etang du Merle<\/strong> and <strong>5 km to Saint-Saulge<\/strong>.<\/p>\n\n\n    <div id=\"gt-fse-lire-plus-69fe30f283948\" class=\"gt-fse-lire-plus\" style=\"--min-height: 130px; background-color: #f8eee7;\">\n        <input id=\"gt-fse-lire-plus-69fe30f283948-toggle\" type=\"checkbox\" class=\"gt-fse-lire-plus__toggle\" \/>\n        <label for=\"gt-fse-lire-plus-69fe30f283948-toggle\" class=\"gt-fse-lire-plus__toggle-label\">\n            <span>Read more<\/span>\n            <span>Read less<\/span>\n        <\/label>\n        <div class=\"gt-fse-lire-plus__content\">\n            \n\n<p class=\"has-custom-color-1-color has-text-color has-link-color wp-elements-02cb9567162ca231e68aee4504b6cb46\">Several hiking trails are available in different villages, and we can provide you with <strong>maps and hiking guides<\/strong> for the Ni\u00e8vre and Morvan regions. Camping l&#8217;\u00c9tang du Merle will be your destination for a green and natural vacation. You&#8217;ll also be able to enjoy the region&#8217;s rich heritage, with its <strong>rare and extraordinary history<\/strong> in Burgundy-Franche-Comt\u00e9.  <\/p>\n\n\n\n<p class=\"has-custom-color-1-color has-text-color has-link-color wp-elements-ab403a58a52faf35dc9c9098cc4e0677\"><strong>For<\/strong> nature vacations and sporting activities in Burgundy-Franche-Comt\u00e9, Ni\u00e8vre is a great place to go <strong>hiking<\/strong>, where you can discover the <strong>diversity of flora and fauna<\/strong> along the way.<\/p>\n\n            <div class=\"gt-fse-lire-plus__gradient\" style=\"background: linear-gradient(to bottom,rgba(248,238,231,0) 0%,rgba(248,238,231,1) 100%);\"><\/div>\n        <\/div>\n    <\/div>\n    <\/div>\n<\/div>\n\n<div class=\"wp-block-group section-1 has-global-padding is-layout-constrained wp-container-core-group-is-layout-a962a2f4 wp-block-group-is-layout-constrained\" style=\"padding-top:var(--wp--preset--spacing--40);padding-right:0px;padding-left:0px\">\n<div class=\"wp-block-columns content is-layout-flex wp-container-core-columns-is-layout-28f84493 wp-block-columns-is-layout-flex\">\n<div class=\"wp-block-column left is-layout-flow wp-block-column-is-layout-flow\" style=\"padding-top:3rem;padding-left:10rem\">\n<h2 class=\"wp-block-heading has-custom-color-1-color has-text-color has-link-color has-melbourne-thin-font-family wp-elements-c0514d84166d18d01f6d52e2501b6259\" style=\"margin-bottom:3rem\"><strong>Activities<\/strong> <br\/>for your children<\/h2>\n\n\n\n<p>Visit <strong>PAL (Parc d&#8217;attraction et zoo<\/strong> ): 31 attractions for the whole family and 1,000 wild animals, plus a wide range of activities.<br\/><br\/>Labyma\u00efs: share a pleasant moment and get lost in a labyrinth of over 3 hectares that will delight young and old alike, solve a riddle, jump in the inflatable structures, and discover the farm animals: quite a program!<\/p>\n<\/div>\n\n\n\n<div class=\"wp-block-column right has-base-2-background-color has-background is-layout-flow wp-block-column-is-layout-flow\" style=\"border-top-left-radius:60px;border-top-right-radius:0px;border-bottom-left-radius:0px;border-bottom-right-radius:0px;padding-top:3.5rem;padding-right:3.5rem;padding-bottom:0rem;padding-left:3.5rem\">\n<figure class=\"wp-block-image size-full has-custom-border\"><img loading=\"lazy\" decoding=\"async\" width=\"824\" height=\"749\" src=\"https:\/\/etangdumerle.geek-tonic.dev\/wp-content\/uploads\/2026\/02\/un-suricate-qui-regarde-le-photographe-au-pal-en-bourgogne.jpg\" alt=\"a meerkat looking at the photographer at the pal in burgundy\" class=\"wp-image-2115\" style=\"border-top-left-radius:35px;border-top-right-radius:35px;border-bottom-left-radius:35px;border-bottom-right-radius:35px;box-shadow:var(--wp--preset--shadow--shadow-2);aspect-ratio:1;object-fit:cover\"\/><\/figure>\n<\/div>\n<\/div>\n<\/div>\n\n<div class=\"wp-block-group section-maillage has-custom-color-6-background-color has-background has-global-padding is-layout-constrained wp-container-core-group-is-layout-8db66bf8 wp-block-group-is-layout-constrained\" style=\"margin-top:0rem;margin-bottom:0rem;padding-top:var(--wp--preset--spacing--50);padding-bottom:var(--wp--preset--spacing--50)\">\n<p class=\"has-text-align-center has-custom-color-1-color has-text-color has-link-color has-nura-font-family wp-elements-2a061843c192e5c3145546a4fec97b3b\" style=\"font-size:clamp(1.743rem, 1.743rem + ((1vw - 0.2rem) * 2.095), 3rem);line-height:1\"><strong>Discover<\/strong> <br\/>our rentals, the pond and the swimming pool<\/p>\n\n\n\n<div data-wp-context=\"{}\" data-wp-interactive=\"core\/query\" data-wp-key=\"0\" data-wp-router-region=\"query-0\" class=\"wp-block-query alignwide gt-fse-maillage-query is-layout-flow wp-block-query-is-layout-flow\"><ul class=\"columns-3 wp-block-post-template is-layout-grid wp-container-core-post-template-is-layout-42cbe8f0 wp-block-post-template-is-layout-grid\"><li data-wp-key=\"post-template-item-2934\" class=\"wp-block-post post-2934 page type-page status-publish has-post-thumbnail hentry\">\n<a href=\"https:\/\/etangdumerle.geek-tonic.dev\/en\/pond-side-campsite-crux-la-ville\/\"    class=\"wp-block-tiptip-hyperlink-group-block\" >\n<div class=\"wp-block-group has-global-padding is-layout-constrained wp-block-group-is-layout-constrained\">\n<figure class=\"wp-block-image size-full has-custom-border\"><img decoding=\"async\" src=\"https:\/\/etangdumerle.geek-tonic.dev\/wp-content\/uploads\/2026\/02\/etang-du-camping-en-bourgogne.jpg\" alt=\"pond-side campsite in burgundy\" class=\"wp-image-1030\" style=\"border-top-left-radius:35px;border-top-right-radius:35px;border-bottom-left-radius:35px;border-bottom-right-radius:35px;box-shadow:var(--wp--preset--shadow--shadow-2);aspect-ratio:3\/4;object-fit:cover\"\/><\/figure>\n\n\n\n<p class=\"has-base-2-color has-text-color has-link-color has-nura-font-family wp-elements-41724f06bd6d4b7880de1cb0275d9a94\" style=\"font-size:clamp(1.403rem, 1.403rem + ((1vw - 0.2rem) * 1.495), 2.3rem);font-style:normal;font-weight:700;line-height:1.2;text-transform:uppercase\">The pond<\/p>\n<\/div>\n<\/a>\n\n<a class=\"is-style-lien-cover wp-block-read-more\" href=\"https:\/\/etangdumerle.geek-tonic.dev\/en\/pond-side-campsite-crux-la-ville\/\" target=\"_self\">Read more<span class=\"screen-reader-text\">: Pond<\/span><\/a>\n<\/li><li data-wp-key=\"post-template-item-2969\" class=\"wp-block-post post-2969 page type-page status-publish has-post-thumbnail hentry\">\n<a href=\"https:\/\/etangdumerle.geek-tonic.dev\/en\/campsite-swimming-pool-crux-la-ville\/\"    class=\"wp-block-tiptip-hyperlink-group-block\" >\n<div class=\"wp-block-group has-global-padding is-layout-constrained wp-block-group-is-layout-constrained\">\n<figure class=\"wp-block-image size-full has-custom-border\"><img decoding=\"async\" src=\"https:\/\/etangdumerle.geek-tonic.dev\/wp-content\/uploads\/2026\/02\/camping-avec-piscine-en-bourgogne.jpg\" alt=\"campsite with swimming pool in burgundy\" class=\"wp-image-1030\" style=\"border-top-left-radius:35px;border-top-right-radius:35px;border-bottom-left-radius:35px;border-bottom-right-radius:35px;box-shadow:var(--wp--preset--shadow--shadow-2);aspect-ratio:3\/4;object-fit:cover\"\/><\/figure>\n\n\n\n<p class=\"has-base-2-color has-text-color has-link-color has-nura-font-family wp-elements-41724f06bd6d4b7880de1cb0275d9a94\" style=\"font-size:clamp(1.403rem, 1.403rem + ((1vw - 0.2rem) * 1.495), 2.3rem);font-style:normal;font-weight:700;line-height:1.2;text-transform:uppercase\">Swimming pool<\/p>\n<\/div>\n<\/a>\n\n<a class=\"is-style-lien-cover wp-block-read-more\" href=\"https:\/\/etangdumerle.geek-tonic.dev\/en\/campsite-swimming-pool-crux-la-ville\/\" target=\"_self\">Read more<span class=\"screen-reader-text\">: Swimming pool<\/span><\/a>\n<\/li><li data-wp-key=\"post-template-item-2944\" class=\"wp-block-post post-2944 page type-page status-publish has-post-thumbnail hentry\">\n<a href=\"https:\/\/etangdumerle.geek-tonic.dev\/en\/mobile-home-rental-crux-la-ville\/\"    class=\"wp-block-tiptip-hyperlink-group-block\" >\n<div class=\"wp-block-group has-global-padding is-layout-constrained wp-block-group-is-layout-constrained\">\n<figure class=\"wp-block-image size-full has-custom-border\"><img decoding=\"async\" src=\"https:\/\/etangdumerle.geek-tonic.dev\/wp-content\/uploads\/2026\/02\/location-en-bod-detang-pres-de-nevers.jpg\" alt=\"bod d&apos;\u00e9tang rental near nevers\" class=\"wp-image-1030\" style=\"border-top-left-radius:35px;border-top-right-radius:35px;border-bottom-left-radius:35px;border-bottom-right-radius:35px;box-shadow:var(--wp--preset--shadow--shadow-2);aspect-ratio:3\/4;object-fit:cover\"\/><\/figure>\n\n\n\n<p class=\"has-base-2-color has-text-color has-link-color has-nura-font-family wp-elements-41724f06bd6d4b7880de1cb0275d9a94\" style=\"font-size:clamp(1.403rem, 1.403rem + ((1vw - 0.2rem) * 1.495), 2.3rem);font-style:normal;font-weight:700;line-height:1.2;text-transform:uppercase\">Rentals<\/p>\n<\/div>\n<\/a>\n\n<a class=\"is-style-lien-cover wp-block-read-more\" href=\"https:\/\/etangdumerle.geek-tonic.dev\/en\/mobile-home-rental-crux-la-ville\/\" target=\"_self\">Read more<span class=\"screen-reader-text\">: Our rentals<\/span><\/a>\n<\/li><\/ul><\/div>\n<\/div>\n","protected":false},"excerpt":{"rendered":"<p>Top sports activities in Burgundy For a nature vacation in Burgundy-Franche-Comt\u00e9, the Ni\u00e8vre region is a great place to discover or rediscover a sporting activity. A multitude of activities are available for your camping vacations in Burgundy. Walks and hikes around Nevers From the Etang du Merle campsite in the heart of the Ni\u00e8vre region, [&hellip;]<\/p>\n","protected":false},"author":1,"featured_media":2876,"parent":0,"menu_order":0,"comment_status":"closed","ping_status":"closed","template":"","meta":{"_seopress_robots_primary_cat":"","_seopress_titles_title":"Activit\u00e9s sportives Bourgogne I Circuits randonn\u00e9es pr\u00e8s Nevers","_seopress_titles_desc":"D\u00e9couvrez la Ni\u00e8vre pour des vacances natures : randonn\u00e9es, VTT, escalade et d\u00e9tente au camping de l'\u00c9tang du Merle. Aventure garantie!","_seopress_robots_index":"","_gt_thelis_global_id":"etangdumerle","_gt_thelis_id_group":false,"inline_featured_image":false,"gt_fse_maillage_image":"https:\/\/etangdumerle.geek-tonic.dev\/wp-content\/uploads\/2026\/02\/activites-sportives-au-camping-letang-du-merle.jpg","gt_fse_maillage_titre":"Sports activities","gt_fse_maillage_alt":"sporting activities at l'\u00e9tang du merle campsite","gt_fse_maillage_resume":"","footnotes":""},"categories":[],"tags":[],"class_list":["post-2872","page","type-page","status-publish","has-post-thumbnail","hentry"],"_links":{"self":[{"href":"https:\/\/etangdumerle.geek-tonic.dev\/en\/wp-json\/wp\/v2\/pages\/2872","targetHints":{"allow":["GET"]}}],"collection":[{"href":"https:\/\/etangdumerle.geek-tonic.dev\/en\/wp-json\/wp\/v2\/pages"}],"about":[{"href":"https:\/\/etangdumerle.geek-tonic.dev\/en\/wp-json\/wp\/v2\/types\/page"}],"author":[{"embeddable":true,"href":"https:\/\/etangdumerle.geek-tonic.dev\/en\/wp-json\/wp\/v2\/users\/1"}],"replies":[{"embeddable":true,"href":"https:\/\/etangdumerle.geek-tonic.dev\/en\/wp-json\/wp\/v2\/comments?post=2872"}],"version-history":[{"count":12,"href":"https:\/\/etangdumerle.geek-tonic.dev\/en\/wp-json\/wp\/v2\/pages\/2872\/revisions"}],"predecessor-version":[{"id":3417,"href":"https:\/\/etangdumerle.geek-tonic.dev\/en\/wp-json\/wp\/v2\/pages\/2872\/revisions\/3417"}],"wp:featuredmedia":[{"embeddable":true,"href":"https:\/\/etangdumerle.geek-tonic.dev\/en\/wp-json\/wp\/v2\/media\/2876"}],"wp:attachment":[{"href":"https:\/\/etangdumerle.geek-tonic.dev\/en\/wp-json\/wp\/v2\/media?parent=2872"}],"wp:term":[{"taxonomy":"category","embeddable":true,"href":"https:\/\/etangdumerle.geek-tonic.dev\/en\/wp-json\/wp\/v2\/categories?post=2872"},{"taxonomy":"post_tag","embeddable":true,"href":"https:\/\/etangdumerle.geek-tonic.dev\/en\/wp-json\/wp\/v2\/tags?post=2872"}],"curies":[{"name":"wp","href":"https:\/\/api.w.org\/{rel}","templated":true}]}}