{"id":2882,"date":"2026-01-16T16:49:14","date_gmt":"2026-01-16T15:49:14","guid":{"rendered":"https:\/\/etangdumerle.geek-tonic.dev\/camping-activites-crux-la-ville\/"},"modified":"2026-03-25T09:51:29","modified_gmt":"2026-03-25T08:51:29","slug":"campsite-activities-crux-la-ville","status":"publish","type":"page","link":"https:\/\/etangdumerle.geek-tonic.dev\/en\/campsite-activities-crux-la-ville\/","title":{"rendered":"Activities"},"content":{"rendered":"\n<div id=\"activites\" class=\"wp-block-group section-1 has-global-padding is-layout-constrained wp-container-core-group-is-layout-a962a2f4 wp-block-group-is-layout-constrained\" style=\"padding-top:var(--wp--preset--spacing--40);padding-right:0px;padding-left:0px\">\n<div class=\"wp-block-columns content is-layout-flex wp-container-core-columns-is-layout-28f84493 wp-block-columns-is-layout-flex\">\n<div class=\"wp-block-column left is-layout-flow wp-block-column-is-layout-flow\" style=\"padding-top:6rem;padding-left:10rem\">\n<h1 class=\"wp-block-heading has-custom-color-1-color has-text-color has-link-color has-melbourne-thin-font-family wp-elements-d8b99cc1660e55751639c72c81e33cdf\" style=\"margin-bottom:3rem\"><strong>Campsite with activities <\/strong>in Burgundy<\/h1>\n\n\n\n<p>To each his own! There&#8217;s a whole range of <strong>activities<\/strong> and <strong>discoveries<\/strong> to choose from. The lakeside campsite at Crux-la-Ville is also an ideal destination for <strong>water sports<\/strong> enthusiasts, <strong>hikers<\/strong>, <strong>mountain bikers<\/strong> and anglers. A multitude of activities for your <a href=\"https:\/\/etangdumerle.geek-tonic.dev\/en\/\" data-type=\"page\" data-id=\"9\">camping vacation in Burgundy<\/a>!   <\/p>\n<\/div>\n\n\n\n<div class=\"wp-block-column right has-base-2-background-color has-background is-layout-flow wp-block-column-is-layout-flow\" style=\"border-top-left-radius:25px;border-top-right-radius:0px;border-bottom-left-radius:0px;border-bottom-right-radius:0px;padding-top:2rem;padding-right:2rem;padding-bottom:2rem;padding-left:2rem\">\n<figure class=\"wp-block-image size-full has-custom-border animated fadeIn slow\"><img loading=\"lazy\" decoding=\"async\" width=\"830\" height=\"623\" src=\"https:\/\/etangdumerle.geek-tonic.dev\/wp-content\/uploads\/2026\/02\/Balade-en-velo-de-deux-personnes-en-foret-au-camping-avec-activites-en-bourgogne.jpg\" alt=\"Bicycle ride for two in the forest at the campsite with activities in burgundy\" class=\"wp-image-2051\" style=\"border-top-left-radius:35px;border-top-right-radius:35px;border-bottom-left-radius:35px;border-bottom-right-radius:35px;box-shadow:var(--wp--preset--shadow--shadow-2);aspect-ratio:4\/3;object-fit:cover\"\/><\/figure>\n<\/div>\n<\/div>\n<\/div>\n\n<div id=\"kayak\" class=\"wp-block-group section-3 etang-du-merle has-global-padding is-layout-constrained wp-container-core-group-is-layout-105e4414 wp-block-group-is-layout-constrained\" style=\"margin-top:0px;margin-bottom:0px;padding-top:0px;padding-right:0px;padding-bottom:0;padding-left:0px\">\n<div class=\"wp-block-cover has-parallax gt-multiple-images-cover has-slider\" style=\"padding-top:0;padding-right:0rem;padding-bottom:0;padding-left:0rem;min-height:70vh;aspect-ratio:unset;\" data-image-ids=\"[311,314,317]\"><div class=\"gt-is-slider swiper-container\" data-swiper=\"{&quot;spaceBetween&quot;:0,&quot;slidesPerView&quot;:1,&quot;pagination&quot;:{&quot;el&quot;:&quot;.swiper-pagination&quot;,&quot;dynamicBullets&quot;:true,&quot;clickable&quot;:true,&quot;type&quot;:&quot;bullets&quot;},&quot;navigation&quot;:{&quot;nextEl&quot;:&quot;.swiper-button-next&quot;,&quot;prevEl&quot;:&quot;.swiper-button-prev&quot;},&quot;breakpoints&quot;:[{&quot;slidesPerView&quot;:1}],&quot;effect&quot;:&quot;fade&quot;}\"><div class=\"swiper-wrapper\"><\/div><\/div><div role=\"img\" aria-label=\"P\u00e9dalos rang\u00e9s au bord de l'\u00e9tang au camping avec activit\u00e9s en bourgogne\" class=\"wp-block-cover__image-background wp-image-2151 size-full has-parallax\" style=\"background-position:50% 50%;background-image:url(https:\/\/etangdumerle.geek-tonic.dev\/wp-content\/uploads\/2026\/02\/Pedalos-ranges-au-bord-de-letang-au-camping-avec-activites-en-bourgogne.jpg)\"><\/div><span aria-hidden=\"true\" class=\"wp-block-cover__background has-background-dim-0 has-background-dim has-background-gradient\" style=\"background:linear-gradient(90deg,rgba(255,255,255,0) 0%,rgb(0,0,0) 100%)\"><\/span><div class=\"wp-block-cover__inner-container has-global-padding is-layout-constrained wp-container-core-cover-is-layout-332d036f wp-block-cover-is-layout-constrained\">\n<div class=\"wp-block-columns is-layout-flex wp-container-core-columns-is-layout-1c1b29f9 wp-block-columns-is-layout-flex\">\n<div class=\"wp-block-column left is-layout-flow wp-block-column-is-layout-flow\" style=\"padding-top:var(--wp--preset--spacing--20);flex-basis:40%\">\n<div class=\"wp-block-group group-bullets is-content-justification-center is-nowrap is-layout-flex wp-container-core-group-is-layout-b588b5d3 wp-block-group-is-layout-flex\">\n<div class=\"wp-block-group bullet active has-global-padding is-layout-constrained wp-container-core-group-is-layout-01c4c4d5 wp-block-group-is-layout-constrained\" style=\"border-top-left-radius:35px;border-top-right-radius:35px;border-bottom-left-radius:35px;border-bottom-right-radius:35px;padding-top:0;padding-right:var(--wp--preset--spacing--10);padding-bottom:0;padding-left:var(--wp--preset--spacing--10)\">\n<figure class=\"wp-block-image aligncenter size-full is-resized has-custom-border animated fadeInUp slow short-distance\" style=\"margin-bottom:0\"><img loading=\"lazy\" decoding=\"async\" width=\"430\" height=\"430\" src=\"https:\/\/etangdumerle.geek-tonic.dev\/wp-content\/uploads\/2026\/02\/Baignade-dun-petit-garcon-dans-letang-au-camping-letang-du-merle.jpg\" alt=\"Little boy swimming in the pond at l'&#xE9;tang du merle campsite\" class=\"wp-image-2050\" style=\"border-top-left-radius:35px;border-top-right-radius:35px;border-bottom-left-radius:35px;border-bottom-right-radius:35px;box-shadow:var(--wp--preset--shadow--shadow-2);width:430px\"\/><\/figure>\n<\/div>\n<\/div>\n<\/div>\n\n\n\n<div class=\"wp-block-column is-vertically-aligned-top right has-custom-color-1-color has-base-2-background-color has-text-color has-background has-link-color wp-elements-2dbf3532a26109172de446dd46a7bd34 is-layout-flow wp-block-column-is-layout-flow\" style=\"border-top-left-radius:50px;padding-top:var(--wp--preset--spacing--30);padding-right:var(--wp--preset--spacing--60);padding-bottom:var(--wp--preset--spacing--30);padding-left:var(--wp--preset--spacing--50);flex-basis:60%\">\n<h2 class=\"wp-block-heading has-text-align-left has-melbourne-thin-font-family\" id=\"kayak\" style=\"margin-top:3rem;margin-right:0;margin-bottom:3rem\"><strong>Pedal boat rentals<\/strong> <br\/>and kayaks near Nevers<\/h2>\n\n\n\n<p>The <strong>nautical base<\/strong>, just a few steps from the campsite via a footbridge, offers swimming throughout the season. In July and August, you&#8217;ll enjoy a varied programme of activities every afternoon at the campsite near Nevers: <\/p>\n\n\n    <div id=\"gt-fse-lire-plus-69fe30f0068a1\" class=\"gt-fse-lire-plus\" style=\"--min-height: 130px; background-color: #fff;\">\n        <input id=\"gt-fse-lire-plus-69fe30f0068a1-toggle\" type=\"checkbox\" class=\"gt-fse-lire-plus__toggle\" \/>\n        <label for=\"gt-fse-lire-plus-69fe30f0068a1-toggle\" class=\"gt-fse-lire-plus__toggle-label\">\n            <span>Read more<\/span>\n            <span>Read less<\/span>\n        <\/label>\n        <div class=\"gt-fse-lire-plus__content\">\n            \n\n<ul class=\"wp-block-list\">\n<li><strong>supervised swimming on the sandy beach<\/strong><\/li>\n\n\n\n<li><strong>pedal boat and canoe rentals *<\/strong><\/li>\n\n\n\n<li><strong>ice cream, drinks and waffles<\/strong><\/li>\n<\/ul>\n\n\n\n<p><em>*Pedal boats are designed for a maximum of 4 people, kayaks for 2 adults and 1 child. The presence of an adult is required. <\/em><\/p>\n\n\n\n<p><em>Dogs are not allowed.<\/em><\/p>\n\n\n\n<p><em>You can rent <\/em><strong><em>directly at the base<\/em><\/strong><em> Life jackets can be borrowed from the rental hut if required.<\/em><\/p>\n\n            <div class=\"gt-fse-lire-plus__gradient\" style=\"background: linear-gradient(to bottom,rgba(255,255,255,0) 0%,rgba(255,255,255,1) 100%);\"><\/div>\n        <\/div>\n    <\/div>\n    <\/div>\n<\/div>\n<\/div><\/div>\n<\/div>\n\n<div id=\"aire\" class=\"wp-block-group section-2 has-custom-color-1-color has-custom-color-6-background-color has-text-color has-background has-link-color wp-elements-0861ebab37d82be95442ee26291cf5b4 has-global-padding is-layout-constrained wp-container-core-group-is-layout-889ef63e wp-block-group-is-layout-constrained\" style=\"margin-top:15rem;padding-top:0;padding-right:20rem;padding-bottom:8rem;padding-left:20rem\">\n<div class=\"wp-block-group content has-custom-color-1-color has-text-color has-link-color wp-elements-65801bf61cf15be096d66fcb24104a7d has-global-padding is-layout-constrained wp-container-core-group-is-layout-a31aa551 wp-block-group-is-layout-constrained\">\n<div class=\"wp-block-group images has-global-padding is-layout-constrained wp-container-core-group-is-layout-12243e0f wp-block-group-is-layout-constrained\">\n<figure class=\"wp-block-image size-full is-resized has-custom-border image-1 animated fadeIn slow\"><img loading=\"lazy\" decoding=\"async\" width=\"950\" height=\"700\" src=\"https:\/\/etangdumerle.geek-tonic.dev\/wp-content\/uploads\/2026\/02\/Toboggan-de-laire-de-jeux-du-camping-letang-du-merle-pres-de-nevers.jpg\" alt=\"Playground slide at l'&#xE9;tang du merle campsite near nevers\" class=\"wp-image-2054\" style=\"border-top-left-radius:35px;border-top-right-radius:35px;border-bottom-left-radius:35px;border-bottom-right-radius:35px;box-shadow:var(--wp--preset--shadow--shadow-2);object-fit:cover;width:950px;height:700px\"\/><\/figure>\n\n\n\n<div class=\"wp-block-group image-2 has-global-padding is-layout-constrained wp-container-core-group-is-layout-5695a588 wp-block-group-is-layout-constrained\" style=\"border-radius:25px;padding-top:0rem;padding-right:0rem;padding-bottom:0rem;padding-left:0rem\">\n<figure class=\"wp-block-image size-full is-resized has-custom-border animated fadeInRight slow short-distance\"><img loading=\"lazy\" decoding=\"async\" width=\"450\" height=\"470\" src=\"https:\/\/etangdumerle.geek-tonic.dev\/wp-content\/uploads\/2026\/03\/camping-avec-activites-crux-la-ville.jpg\" alt=\"campsite with activities crux la ville\" class=\"wp-image-2645\" style=\"border-top-left-radius:35px;border-top-right-radius:35px;border-bottom-left-radius:35px;border-bottom-right-radius:35px;box-shadow:var(--wp--preset--shadow--shadow-2);aspect-ratio:0.9643072390008706;width:450px;height:auto\"\/><\/figure>\n<\/div>\n<\/div>\n\n\n\n<h2 class=\"wp-block-heading has-custom-color-1-color has-text-color has-link-color has-melbourne-thin-font-family wp-elements-11b2307cd20dcb9b47c12a7517ab8064\" style=\"margin-top:3rem;margin-right:0;margin-bottom:2.5rem\"><strong>The playground<\/strong><br\/>for your children<\/h2>\n\n\n\n<p class=\"has-custom-color-1-color has-text-color has-link-color wp-elements-4754a34171ca24c852d915e54370bc43\">At the <a href=\"https:\/\/etangdumerle.geek-tonic.dev\/en\/family-campsite-crux-la-ville\/\" data-type=\"page\" data-id=\"12\">3-star l&#8217;\u00c9tang du Merle campsite<\/a> in the Ni\u00e8vre region, there&#8217;s a <strong>playground<\/strong> for children right next to your pitch (swing, slide, seesaw&#8230;). What&#8217;s more, the campsite is the perfect place for <strong>cycling<\/strong>, <strong>scootering<\/strong> or building <strong>huts<\/strong> in which to invent wonderful stories. <\/p>\n<\/div>\n<\/div>\n\n<div id=\"activitesportives\" class=\"wp-block-group section-1 has-global-padding is-layout-constrained wp-container-core-group-is-layout-a962a2f4 wp-block-group-is-layout-constrained\" style=\"padding-top:var(--wp--preset--spacing--40);padding-right:0px;padding-left:0px\">\n<div class=\"wp-block-columns content is-layout-flex wp-container-core-columns-is-layout-28f84493 wp-block-columns-is-layout-flex\">\n<div class=\"wp-block-column left is-layout-flow wp-block-column-is-layout-flow\" style=\"padding-top:3rem;padding-left:10rem\">\n<h2 class=\"wp-block-heading has-custom-color-1-color has-text-color has-link-color has-melbourne-thin-font-family wp-elements-a5fe7a36588bf11f2547c6445b1b0861\" id=\"activitesportives\" style=\"margin-bottom:3rem\"><strong>Sports activities<\/strong><\/h2>\n\n\n\n<p>L&#8217;\u00c9tang du Merle campsite has the following facilities at your disposal: <\/p>\n\n\n\n<p>Starting from the campsite, you can also follow the <strong>sports trail <\/strong>around the Etang du Merle. The tree-shaded circuit is <strong>2.2 kilometers<\/strong> long and comprises around ten stages (beam crossing &#8211; sheep jumping &#8211; parallel bars &#8211; beam lifting etc.): <strong>accessible to all<\/strong>, the competition is open! <\/p>\n\n\n\n<p>The site is ideal for all kinds of <strong>outdoor activities<\/strong>, and the less sporty can simply enjoy <strong>beautiful, soothing walks<\/strong> in an exceptional natural setting.<\/p>\n\n\n\n<div class=\"wp-block-columns icons is-layout-flex wp-container-core-columns-is-layout-8094c1b6 wp-block-columns-is-layout-flex\" style=\"margin-top:0;margin-bottom:0;padding-right:0rem;padding-left:0rem\">\n<div class=\"wp-block-column animated fadeInUp slow short-distance is-layout-flow wp-block-column-is-layout-flow\">\n<div class=\"wp-block-group group-icon has-global-padding is-layout-constrained wp-container-core-group-is-layout-12243e0f wp-block-group-is-layout-constrained\" style=\"border-radius:1000px\">\n<figure class=\"wp-block-image aligncenter size-full is-resized\"><img loading=\"lazy\" decoding=\"async\" width=\"128\" height=\"128\" src=\"https:\/\/etangdumerle.geek-tonic.dev\/wp-content\/uploads\/2026\/02\/ping-pong.svg\" alt=\"ping pong\" class=\"wp-image-2004\" style=\"aspect-ratio:0.9944064636420137;object-fit:cover;width:70px\"\/><\/figure>\n<\/div>\n\n\n\n<p class=\"has-text-align-center has-custom-color-1-color has-text-color has-link-color has-nura-font-family wp-elements-efaf233be7e05f60fd615567c18be7d9\" style=\"margin-top:0.5rem;margin-bottom:0;font-size:clamp(0.875rem, 0.875rem + ((1vw - 0.2rem) * 0.542), 1.2rem);font-style:normal;font-weight:100;line-height:1;text-transform:uppercase\"><strong>2 ping-pong<\/strong><br\/>tables<\/p>\n<\/div>\n\n\n\n<div class=\"wp-block-column animated fadeInUp short-distance slow delay-100ms is-layout-flow wp-block-column-is-layout-flow\">\n<div class=\"wp-block-group group-icon has-global-padding is-layout-constrained wp-container-core-group-is-layout-12243e0f wp-block-group-is-layout-constrained\" style=\"border-radius:1000px\">\n<figure class=\"wp-block-image aligncenter size-full is-resized\"><img loading=\"lazy\" decoding=\"async\" width=\"128\" height=\"128\" src=\"https:\/\/etangdumerle.geek-tonic.dev\/wp-content\/uploads\/2026\/02\/trampoline.svg\" alt=\"trampoline\" class=\"wp-image-2007\" style=\"width:70px\"\/><\/figure>\n<\/div>\n\n\n\n<p class=\"has-text-align-center has-custom-color-1-color has-text-color has-link-color has-nura-font-family wp-elements-750c7d8529a52ca19d2e5d8d2af45416\" style=\"margin-top:0.5rem;margin-bottom:0;font-size:clamp(0.875rem, 0.875rem + ((1vw - 0.2rem) * 0.542), 1.2rem);font-style:normal;font-weight:100;line-height:1;text-transform:uppercase\"><strong>1 trampoline<br\/><\/strong>children<\/p>\n<\/div>\n\n\n\n<div class=\"wp-block-column animated fadeInUp short-distance delay-200ms slow is-layout-flow wp-block-column-is-layout-flow\">\n<div class=\"wp-block-group group-icon has-global-padding is-layout-constrained wp-container-core-group-is-layout-12243e0f wp-block-group-is-layout-constrained\" style=\"border-radius:1000px\">\n<figure class=\"wp-block-image aligncenter size-full is-resized\"><img loading=\"lazy\" decoding=\"async\" width=\"128\" height=\"128\" src=\"https:\/\/etangdumerle.geek-tonic.dev\/wp-content\/uploads\/2026\/02\/ballon-de-basket.svg\" alt=\"basketball\" class=\"wp-image-2000\" style=\"width:70px\"\/><\/figure>\n<\/div>\n\n\n\n<p class=\"has-text-align-center has-custom-color-1-color has-text-color has-link-color has-nura-font-family wp-elements-7d01588a775f312948b04305a418a4cd\" style=\"margin-top:0.5rem;margin-bottom:0;font-size:clamp(0.875rem, 0.875rem + ((1vw - 0.2rem) * 0.542), 1.2rem);font-style:normal;font-weight:100;line-height:1;text-transform:uppercase\"><strong>1 basket <\/strong><br\/>basketball,<\/p>\n<\/div>\n<\/div>\n<\/div>\n\n\n\n<div class=\"wp-block-column right has-base-2-background-color has-background is-layout-flow wp-block-column-is-layout-flow\" style=\"border-top-left-radius:60px;border-top-right-radius:0px;border-bottom-left-radius:0px;border-bottom-right-radius:0px;padding-top:3.5rem;padding-right:3.5rem;padding-bottom:3.5rem;padding-left:3.5rem\">\n<figure class=\"wp-block-image size-full has-custom-border\"><img loading=\"lazy\" decoding=\"async\" width=\"806\" height=\"806\" src=\"https:\/\/etangdumerle.geek-tonic.dev\/wp-content\/uploads\/2026\/02\/module-de-parcours-sante-du-camping-pres-de-nevers.jpg\" alt=\"fitness trail module at the campsite near nevers\" class=\"wp-image-2052\" style=\"border-top-left-radius:35px;border-top-right-radius:35px;border-bottom-left-radius:35px;border-bottom-right-radius:35px;box-shadow:var(--wp--preset--shadow--shadow-2);aspect-ratio:1;object-fit:cover\"\/><\/figure>\n<\/div>\n<\/div>\n<\/div>\n\n<div class=\"wp-block-group section-maillage has-custom-color-6-background-color has-background has-global-padding is-layout-constrained wp-container-core-group-is-layout-8db66bf8 wp-block-group-is-layout-constrained\" style=\"margin-top:0rem;margin-bottom:0rem;padding-top:var(--wp--preset--spacing--50);padding-bottom:var(--wp--preset--spacing--50)\">\n<p class=\"has-text-align-center has-custom-color-1-color has-text-color has-link-color has-nura-font-family wp-elements-8ea0ccd8864eaaedd0cd53079cfb4cd6\" style=\"font-size:clamp(1.743rem, 1.743rem + ((1vw - 0.2rem) * 2.095), 3rem);line-height:1\"><strong>Discover<\/strong> <strong>our pitches<\/strong>, <br\/>services and swimming pool<\/p>\n\n\n\n<div data-wp-context=\"{}\" data-wp-interactive=\"core\/query\" data-wp-key=\"0\" data-wp-router-region=\"query-0\" class=\"wp-block-query alignwide gt-fse-maillage-query is-layout-flow wp-block-query-is-layout-flow\"><ul class=\"columns-3 wp-block-post-template is-layout-grid wp-container-core-post-template-is-layout-42cbe8f0 wp-block-post-template-is-layout-grid\"><li data-wp-key=\"post-template-item-2969\" class=\"wp-block-post post-2969 page type-page status-publish has-post-thumbnail hentry\">\n<a href=\"https:\/\/etangdumerle.geek-tonic.dev\/en\/campsite-swimming-pool-crux-la-ville\/\"    class=\"wp-block-tiptip-hyperlink-group-block\" >\n<div class=\"wp-block-group has-global-padding is-layout-constrained wp-block-group-is-layout-constrained\">\n<figure class=\"wp-block-image size-full has-custom-border\"><img decoding=\"async\" src=\"https:\/\/etangdumerle.geek-tonic.dev\/wp-content\/uploads\/2026\/02\/camping-avec-piscine-en-bourgogne.jpg\" alt=\"campsite with swimming pool in burgundy\" class=\"wp-image-1030\" style=\"border-top-left-radius:35px;border-top-right-radius:35px;border-bottom-left-radius:35px;border-bottom-right-radius:35px;box-shadow:var(--wp--preset--shadow--shadow-2);aspect-ratio:3\/4;object-fit:cover\"\/><\/figure>\n\n\n\n<p class=\"has-base-2-color has-text-color has-link-color has-nura-font-family wp-elements-41724f06bd6d4b7880de1cb0275d9a94\" style=\"font-size:clamp(1.403rem, 1.403rem + ((1vw - 0.2rem) * 1.495), 2.3rem);font-style:normal;font-weight:700;line-height:1.2;text-transform:uppercase\">Swimming pool<\/p>\n<\/div>\n<\/a>\n\n<a class=\"is-style-lien-cover wp-block-read-more\" href=\"https:\/\/etangdumerle.geek-tonic.dev\/en\/campsite-swimming-pool-crux-la-ville\/\" target=\"_self\">Read more<span class=\"screen-reader-text\">: Swimming pool<\/span><\/a>\n<\/li><li data-wp-key=\"post-template-item-2958\" class=\"wp-block-post post-2958 page type-page status-publish has-post-thumbnail hentry\">\n<a href=\"https:\/\/etangdumerle.geek-tonic.dev\/en\/pitch-rental-crux-la-ville\/\"    class=\"wp-block-tiptip-hyperlink-group-block\" >\n<div class=\"wp-block-group has-global-padding is-layout-constrained wp-block-group-is-layout-constrained\">\n<figure class=\"wp-block-image size-full has-custom-border\"><img decoding=\"async\" src=\"https:\/\/etangdumerle.geek-tonic.dev\/wp-content\/uploads\/2026\/03\/Van-sur-un-emplacement-location-camping-bourgogne.jpg\" alt=\"Van on a camping pitch rental burgundy\" class=\"wp-image-1030\" style=\"border-top-left-radius:35px;border-top-right-radius:35px;border-bottom-left-radius:35px;border-bottom-right-radius:35px;box-shadow:var(--wp--preset--shadow--shadow-2);aspect-ratio:3\/4;object-fit:cover\"\/><\/figure>\n\n\n\n<p class=\"has-base-2-color has-text-color has-link-color has-nura-font-family wp-elements-41724f06bd6d4b7880de1cb0275d9a94\" style=\"font-size:clamp(1.403rem, 1.403rem + ((1vw - 0.2rem) * 1.495), 2.3rem);font-style:normal;font-weight:700;line-height:1.2;text-transform:uppercase\">Pitches <\/p>\n<\/div>\n<\/a>\n\n<a class=\"is-style-lien-cover wp-block-read-more\" href=\"https:\/\/etangdumerle.geek-tonic.dev\/en\/pitch-rental-crux-la-ville\/\" target=\"_self\">Read more<span class=\"screen-reader-text\">: Our pitches<\/span><\/a>\n<\/li><li data-wp-key=\"post-template-item-2916\" class=\"wp-block-post post-2916 page type-page status-publish has-post-thumbnail hentry\">\n<a href=\"https:\/\/etangdumerle.geek-tonic.dev\/en\/family-campsite-crux-la-ville\/\"    class=\"wp-block-tiptip-hyperlink-group-block\" >\n<div class=\"wp-block-group has-global-padding is-layout-constrained wp-block-group-is-layout-constrained\">\n<figure class=\"wp-block-image size-full has-custom-border\"><img decoding=\"async\" src=\"https:\/\/etangdumerle.geek-tonic.dev\/wp-content\/uploads\/2026\/02\/camping-avec-services-pour-les-familles-en-bourgogne.jpg\" alt=\"campsite with services for families in burgundy\" class=\"wp-image-1030\" style=\"border-top-left-radius:35px;border-top-right-radius:35px;border-bottom-left-radius:35px;border-bottom-right-radius:35px;box-shadow:var(--wp--preset--shadow--shadow-2);aspect-ratio:3\/4;object-fit:cover\"\/><\/figure>\n\n\n\n<p class=\"has-base-2-color has-text-color has-link-color has-nura-font-family wp-elements-41724f06bd6d4b7880de1cb0275d9a94\" style=\"font-size:clamp(1.403rem, 1.403rem + ((1vw - 0.2rem) * 1.495), 2.3rem);font-style:normal;font-weight:700;line-height:1.2;text-transform:uppercase\">Services<\/p>\n<\/div>\n<\/a>\n\n<a class=\"is-style-lien-cover wp-block-read-more\" href=\"https:\/\/etangdumerle.geek-tonic.dev\/en\/family-campsite-crux-la-ville\/\" target=\"_self\">Read more<span class=\"screen-reader-text\">: Services<\/span><\/a>\n<\/li><\/ul><\/div>\n<\/div>\n","protected":false},"excerpt":{"rendered":"<p>Campsite with activities in Burgundy To each his own! There&#8217;s a whole range of activities and discoveries to choose from. The lakeside campsite at Crux-la-Ville is also an ideal destination for water sports enthusiasts, hikers, mountain bikers and anglers. A multitude of activities for your camping vacation in Burgundy! The playgroundfor your children At the [&hellip;]<\/p>\n","protected":false},"author":1,"featured_media":2885,"parent":0,"menu_order":0,"comment_status":"closed","ping_status":"closed","template":"","meta":{"_seopress_robots_primary_cat":"","_seopress_titles_title":"Camping activit\u00e9s proche Nevers | Sport et nature en Bourgogne","_seopress_titles_desc":"Profitez d'un s\u00e9jour actif en Bourgogne: activit\u00e9s nautiques, randonn\u00e9es, p\u00eache et loisirs au camping pr\u00e8s de Nevers. R\u00e9servez votre aventure famille!","_seopress_robots_index":"","_gt_thelis_global_id":"etangdumerle","_gt_thelis_id_group":false,"inline_featured_image":false,"gt_fse_maillage_image":"https:\/\/etangdumerle.geek-tonic.dev\/wp-content\/uploads\/2026\/02\/activites-a-faire-au-camping-de-letang-du-merle-pres-de-nevers.jpg","gt_fse_maillage_titre":"Activities","gt_fse_maillage_alt":"things to do at camping de l'\u00e9tang du merle near nevers","gt_fse_maillage_resume":"","footnotes":""},"categories":[],"tags":[],"class_list":["post-2882","page","type-page","status-publish","has-post-thumbnail","hentry"],"_links":{"self":[{"href":"https:\/\/etangdumerle.geek-tonic.dev\/en\/wp-json\/wp\/v2\/pages\/2882","targetHints":{"allow":["GET"]}}],"collection":[{"href":"https:\/\/etangdumerle.geek-tonic.dev\/en\/wp-json\/wp\/v2\/pages"}],"about":[{"href":"https:\/\/etangdumerle.geek-tonic.dev\/en\/wp-json\/wp\/v2\/types\/page"}],"author":[{"embeddable":true,"href":"https:\/\/etangdumerle.geek-tonic.dev\/en\/wp-json\/wp\/v2\/users\/1"}],"replies":[{"embeddable":true,"href":"https:\/\/etangdumerle.geek-tonic.dev\/en\/wp-json\/wp\/v2\/comments?post=2882"}],"version-history":[{"count":15,"href":"https:\/\/etangdumerle.geek-tonic.dev\/en\/wp-json\/wp\/v2\/pages\/2882\/revisions"}],"predecessor-version":[{"id":3415,"href":"https:\/\/etangdumerle.geek-tonic.dev\/en\/wp-json\/wp\/v2\/pages\/2882\/revisions\/3415"}],"wp:featuredmedia":[{"embeddable":true,"href":"https:\/\/etangdumerle.geek-tonic.dev\/en\/wp-json\/wp\/v2\/media\/2885"}],"wp:attachment":[{"href":"https:\/\/etangdumerle.geek-tonic.dev\/en\/wp-json\/wp\/v2\/media?parent=2882"}],"wp:term":[{"taxonomy":"category","embeddable":true,"href":"https:\/\/etangdumerle.geek-tonic.dev\/en\/wp-json\/wp\/v2\/categories?post=2882"},{"taxonomy":"post_tag","embeddable":true,"href":"https:\/\/etangdumerle.geek-tonic.dev\/en\/wp-json\/wp\/v2\/tags?post=2882"}],"curies":[{"name":"wp","href":"https:\/\/api.w.org\/{rel}","templated":true}]}}